{"id":11774,"date":"2019-12-03T18:32:57","date_gmt":"2019-12-03T17:32:57","guid":{"rendered":"https:\/\/www.vilaweb.cat\/botiga\/?post_type=product&#038;p=11774"},"modified":"2025-12-24T13:01:53","modified_gmt":"2025-12-24T12:01:53","slug":"caixa-de-musica-sol-solet","status":"publish","type":"product","link":"https:\/\/www.vilaweb.cat\/botiga\/producte\/caixa-de-musica-sol-solet\/","title":{"rendered":"Capsa de m\u00fasica &#8211; Sol solet"},"content":{"rendered":"","protected":false},"excerpt":{"rendered":"<p>Caixa de m\u00fasica de la popular can\u00e7\u00f3 <em>Sol solet.<\/em><\/p>\n","protected":false},"featured_media":17321,"template":"","meta":[],"product_cat":[308,102],"product_tag":[],"_links":{"self":[{"href":"https:\/\/www.vilaweb.cat\/botiga\/wp-json\/wp\/v2\/product\/11774"}],"collection":[{"href":"https:\/\/www.vilaweb.cat\/botiga\/wp-json\/wp\/v2\/product"}],"about":[{"href":"https:\/\/www.vilaweb.cat\/botiga\/wp-json\/wp\/v2\/types\/product"}],"wp:featuredmedia":[{"embeddable":true,"href":"https:\/\/www.vilaweb.cat\/botiga\/wp-json\/wp\/v2\/media\/17321"}],"wp:attachment":[{"href":"https:\/\/www.vilaweb.cat\/botiga\/wp-json\/wp\/v2\/media?parent=11774"}],"wp:term":[{"taxonomy":"product_cat","embeddable":true,"href":"https:\/\/www.vilaweb.cat\/botiga\/wp-json\/wp\/v2\/product_cat?post=11774"},{"taxonomy":"product_tag","embeddable":true,"href":"https:\/\/www.vilaweb.cat\/botiga\/wp-json\/wp\/v2\/product_tag?post=11774"}],"curies":[{"name":"wp","href":"https:\/\/api.w.org\/{rel}","templated":true}]}}