{"id":11614,"date":"2019-11-28T17:54:12","date_gmt":"2019-11-28T16:54:12","guid":{"rendered":"https:\/\/www.vilaweb.cat\/botiga\/?post_type=product&#038;p=11614"},"modified":"2025-04-17T18:32:26","modified_gmt":"2025-04-17T16:32:26","slug":"fakeyou-fake-news-i-desinformacio","status":"publish","type":"product","link":"https:\/\/www.vilaweb.cat\/botiga\/producte\/fakeyou-fake-news-i-desinformacio\/","title":{"rendered":"#FakeYou. Fake news i desinformaci\u00f3"},"content":{"rendered":"<p>Les fake news no s\u00f3n un fenomen nou: els governs, els partits pol\u00edtics, els mitjans de comunicaci\u00f3 i les grans corporacions \u2014o els monopolis d\u2019informaci\u00f3 equivalents en cada \u00e8poca\u2014 sempre n\u2019han fet \u00fas interessat. No \u00e9s sospit\u00f3s, doncs, que les pol\u00edtiques i les reformes normatives que s\u2019estan proposant per combatre-les criminalitzin les noves tecnologies i, en canvi, no facin el mateix amb els que s\u2019han dedicat a produir not\u00edcies falses des de sempre? Per qu\u00e8 en lloc de tallar el problema d\u2019arrel pretenen imposar als ciutadans retallades de les llibertats d\u2019expressi\u00f3 i informaci\u00f3?<\/p>\n<p><em>#FakeYou<\/em>\u00a0exposa investigacions que desmunten els mites en els quals es recolza l\u2019onada de legislacions lliberticides que patim en l\u2019actualitat. Aquest llibre es planteja com una eina de defensa contra les retallades de les llibertats fonamentals i una arma contra les noves formes de manipulaci\u00f3, mentida i falsificaci\u00f3.<\/p>\n<p>Un projecte dirigit per Simona Levi, que ha comptat amb la col\u00b7laboraci\u00f3 de Xnet i Robert Guixar\u00f3, a m\u00e9s de Max Carbonell, Gemma Palau, Elizabeth Bodi i Gemma Garc\u00eda, Guillem Mart\u00ednez, Lorin Decarli i Tatiana Bazzichelli, Emanuele Cozzo i Luce Prignano, i incorpora material il\u00b7lustratiu cedit per Mariluz Congosto.<\/p>\n<p>\u00abEl que es necessita per lluitar contra les fake news \u00e9s m\u00e9s i millor democr\u00e0cia, i menys tecnof\u00f2bia i criminalitzaci\u00f3 de les llibertats; m\u00e9s rendici\u00f3 de comptes i verificaci\u00f3, i menys impunitat, paternalisme desinformat i monopoli dels mitjans i dels recursos informatius.\u00bb<\/p>\n","protected":false},"excerpt":{"rendered":"<p>Dirigit per Simona Levi<\/p>\n<p>Ed. Raig Verd, 2019<\/p>\n","protected":false},"featured_media":11616,"template":"","meta":[],"product_cat":[18,42],"product_tag":[],"_links":{"self":[{"href":"https:\/\/www.vilaweb.cat\/botiga\/wp-json\/wp\/v2\/product\/11614"}],"collection":[{"href":"https:\/\/www.vilaweb.cat\/botiga\/wp-json\/wp\/v2\/product"}],"about":[{"href":"https:\/\/www.vilaweb.cat\/botiga\/wp-json\/wp\/v2\/types\/product"}],"wp:featuredmedia":[{"embeddable":true,"href":"https:\/\/www.vilaweb.cat\/botiga\/wp-json\/wp\/v2\/media\/11616"}],"wp:attachment":[{"href":"https:\/\/www.vilaweb.cat\/botiga\/wp-json\/wp\/v2\/media?parent=11614"}],"wp:term":[{"taxonomy":"product_cat","embeddable":true,"href":"https:\/\/www.vilaweb.cat\/botiga\/wp-json\/wp\/v2\/product_cat?post=11614"},{"taxonomy":"product_tag","embeddable":true,"href":"https:\/\/www.vilaweb.cat\/botiga\/wp-json\/wp\/v2\/product_tag?post=11614"}],"curies":[{"name":"wp","href":"https:\/\/api.w.org\/{rel}","templated":true}]}}