{"id":1147,"date":"2018-11-21T11:58:19","date_gmt":"2018-11-21T10:58:19","guid":{"rendered":"https:\/\/tww.vilaweb.cat\/botiga\/?post_type=product&#038;p=1147"},"modified":"2026-02-20T11:15:14","modified_gmt":"2026-02-20T10:15:14","slug":"samarreta-perque-hi-haura-un-dia","status":"publish","type":"product","link":"https:\/\/www.vilaweb.cat\/botiga\/producte\/samarreta-perque-hi-haura-un-dia\/","title":{"rendered":"Samarreta &#8216;Perqu\u00e8 hi haur\u00e0 un dia&#8230;&#8217;"},"content":{"rendered":"","protected":false},"excerpt":{"rendered":"<p>Samarreta de cot\u00f3 de qualitat de color negre amb un fragment del poema d&#8217;Estell\u00e9s.<\/p>\n<p>&#8216;Perqu\u00e8 hi haur\u00e0 un dia que no podrem m\u00e9s i llavors ho podrem tot!&#8217;<\/p>\n","protected":false},"featured_media":1149,"template":"","meta":[],"product_cat":[284,286],"product_tag":[],"_links":{"self":[{"href":"https:\/\/www.vilaweb.cat\/botiga\/wp-json\/wp\/v2\/product\/1147"}],"collection":[{"href":"https:\/\/www.vilaweb.cat\/botiga\/wp-json\/wp\/v2\/product"}],"about":[{"href":"https:\/\/www.vilaweb.cat\/botiga\/wp-json\/wp\/v2\/types\/product"}],"wp:featuredmedia":[{"embeddable":true,"href":"https:\/\/www.vilaweb.cat\/botiga\/wp-json\/wp\/v2\/media\/1149"}],"wp:attachment":[{"href":"https:\/\/www.vilaweb.cat\/botiga\/wp-json\/wp\/v2\/media?parent=1147"}],"wp:term":[{"taxonomy":"product_cat","embeddable":true,"href":"https:\/\/www.vilaweb.cat\/botiga\/wp-json\/wp\/v2\/product_cat?post=1147"},{"taxonomy":"product_tag","embeddable":true,"href":"https:\/\/www.vilaweb.cat\/botiga\/wp-json\/wp\/v2\/product_tag?post=1147"}],"curies":[{"name":"wp","href":"https:\/\/api.w.org\/{rel}","templated":true}]}}