{"id":11460,"date":"2019-11-25T18:17:05","date_gmt":"2019-11-25T17:17:05","guid":{"rendered":"https:\/\/www.vilaweb.cat\/botiga\/?post_type=product&#038;p=11460"},"modified":"2025-09-03T19:14:15","modified_gmt":"2025-09-03T17:14:15","slug":"la-fallera-calavera-3-expansio","status":"publish","type":"product","link":"https:\/\/www.vilaweb.cat\/botiga\/producte\/la-fallera-calavera-3-expansio\/","title":{"rendered":"La Fallera Calavera 3. Expansi\u00f3"},"content":{"rendered":"<p>La Fallera Calavera s&#8217;ha autoproclamat reina i s&#8217;ha convertit en una tirana!<\/p>\n<p>En el Regne de la Fallera Calavera, la zombi va passejant-se pels seus dominis i obliga els seus esclaus a alimentar-la. Per\u00f2 la morta ja no es conforma nom\u00e9s amb la paella: ara tamb\u00e9 vol els menjars t\u00edpics de cada zona!<\/p>\n<p>Esta expansi\u00f3 afegix 55 cartes noves i, per primera vegada a la s\u00e8rie, un tauler! El tauler t\u00e9 2 cares i oferix dos maneres diferents de jugar. Prova primer el model b\u00e0sic per sentir amb for\u00e7a les novetats d&#8217;esta expansi\u00f3 o passa al mode expert si desitges combinar les m\u00e9s de 200 cartes del joc complet!<\/p>\n<p>Caixa m\u00e9s gran per guardar totes les cartes de <em>La Fallera Calavera<\/em>, <em>La Fallera Calavera 2<\/em> i <em>La Fallera Calavera 3<\/em>. Fins i tot caben a dins totes les cartes enfundades!<\/p>\n<p>ATENCI\u00d3: <em>La Fallera Calavera 3<\/em> \u00e9s una expansi\u00f3 del joc <em>La Fallera Calavera<\/em> i NO un joc independent. El joc original es ven per separat, \u00e9s imprescindible per poder utilitzar <em>La Fallera Calavera 3<\/em>. <em>La Fallera Calavera 2<\/em> no \u00e9s necess\u00e0ria per jugar amb La Fallera Calavera 3, per\u00f2 les dos expansions es poden combinar.<\/p>\n<p>&nbsp;<\/p>\n","protected":false},"excerpt":{"rendered":"<p><strong>M\u00e9s enll\u00e0 de la paella<\/strong><\/p>\n<p>Requereix el joc original.<\/p>\n<p>Un joc d&#8217;Enric Aguilar amb il\u00b7lustracions d&#8217;Esther M\u00e9ndez<\/p>\n<p>Contingut: 55 cartes, 1 tauler amb 2 cares, 1 pe\u00f3 de la Reina Calavera i Reglament i dubtes resolts.<\/p>\n<p>A partir de 10 anys.<\/p>\n","protected":false},"featured_media":42115,"template":"","meta":[],"product_cat":[59,421],"product_tag":[],"_links":{"self":[{"href":"https:\/\/www.vilaweb.cat\/botiga\/wp-json\/wp\/v2\/product\/11460"}],"collection":[{"href":"https:\/\/www.vilaweb.cat\/botiga\/wp-json\/wp\/v2\/product"}],"about":[{"href":"https:\/\/www.vilaweb.cat\/botiga\/wp-json\/wp\/v2\/types\/product"}],"wp:featuredmedia":[{"embeddable":true,"href":"https:\/\/www.vilaweb.cat\/botiga\/wp-json\/wp\/v2\/media\/42115"}],"wp:attachment":[{"href":"https:\/\/www.vilaweb.cat\/botiga\/wp-json\/wp\/v2\/media?parent=11460"}],"wp:term":[{"taxonomy":"product_cat","embeddable":true,"href":"https:\/\/www.vilaweb.cat\/botiga\/wp-json\/wp\/v2\/product_cat?post=11460"},{"taxonomy":"product_tag","embeddable":true,"href":"https:\/\/www.vilaweb.cat\/botiga\/wp-json\/wp\/v2\/product_tag?post=11460"}],"curies":[{"name":"wp","href":"https:\/\/api.w.org\/{rel}","templated":true}]}}