{"id":1129,"date":"2018-11-20T19:10:54","date_gmt":"2018-11-20T18:10:54","guid":{"rendered":"https:\/\/tww.vilaweb.cat\/botiga\/?post_type=product&#038;p=1129"},"modified":"2026-01-30T15:50:33","modified_gmt":"2026-01-30T14:50:33","slug":"davantal-el-calcot","status":"publish","type":"product","link":"https:\/\/www.vilaweb.cat\/botiga\/producte\/davantal-el-calcot\/","title":{"rendered":"Davantal &#8216;el cal\u00e7ot&#8217;"},"content":{"rendered":"","protected":false},"excerpt":{"rendered":"<p>Davantal amb la frase \u2018El cal\u00e7ot. La cosa nostra\u2019 impresa al pit, imitant la gran pel\u00b7l\u00edcula \u2018Il Padrino\u2019, amb el dibuix d\u2019un cal\u00e7ot i, una m\u00e0, manegant una titella. Per anar ben equipat de cal\u00e7otada!<\/p>\n","protected":false},"featured_media":1119,"template":"","meta":[],"product_cat":[79,301],"product_tag":[],"_links":{"self":[{"href":"https:\/\/www.vilaweb.cat\/botiga\/wp-json\/wp\/v2\/product\/1129"}],"collection":[{"href":"https:\/\/www.vilaweb.cat\/botiga\/wp-json\/wp\/v2\/product"}],"about":[{"href":"https:\/\/www.vilaweb.cat\/botiga\/wp-json\/wp\/v2\/types\/product"}],"wp:featuredmedia":[{"embeddable":true,"href":"https:\/\/www.vilaweb.cat\/botiga\/wp-json\/wp\/v2\/media\/1119"}],"wp:attachment":[{"href":"https:\/\/www.vilaweb.cat\/botiga\/wp-json\/wp\/v2\/media?parent=1129"}],"wp:term":[{"taxonomy":"product_cat","embeddable":true,"href":"https:\/\/www.vilaweb.cat\/botiga\/wp-json\/wp\/v2\/product_cat?post=1129"},{"taxonomy":"product_tag","embeddable":true,"href":"https:\/\/www.vilaweb.cat\/botiga\/wp-json\/wp\/v2\/product_tag?post=1129"}],"curies":[{"name":"wp","href":"https:\/\/api.w.org\/{rel}","templated":true}]}}