{"id":1112,"date":"2018-11-20T13:16:26","date_gmt":"2018-11-20T12:16:26","guid":{"rendered":"https:\/\/tww.vilaweb.cat\/botiga\/?post_type=product&#038;p=1112"},"modified":"2024-08-21T10:17:09","modified_gmt":"2024-08-21T08:17:09","slug":"estelada-vermella-lgtbi","status":"publish","type":"product","link":"https:\/\/www.vilaweb.cat\/botiga\/producte\/estelada-vermella-lgtbi\/","title":{"rendered":"Estelada vermella LGTBI"},"content":{"rendered":"","protected":false},"excerpt":{"rendered":"<p>Estelada vermella amb franges dels colors de l&#8217;arc de Sant Mart\u00ed.<\/p>\n<p>Impresa nom\u00e9s per una cara (l&#8217;altra cara \u00e9s blanquinosa, per\u00f2 deixa passar la llum) i du 4 betes amb refor\u00e7 per lligar. No t\u00e9 vores.<\/p>\n<p>Per la llibertat nacional del nostre poble i per la llibertat d&#8217;opci\u00f3 sexual.<\/p>\n<p>Mides: 118 x 95 cm<\/p>\n","protected":false},"featured_media":1113,"template":"","meta":[],"product_cat":[292],"product_tag":[],"_links":{"self":[{"href":"https:\/\/www.vilaweb.cat\/botiga\/wp-json\/wp\/v2\/product\/1112"}],"collection":[{"href":"https:\/\/www.vilaweb.cat\/botiga\/wp-json\/wp\/v2\/product"}],"about":[{"href":"https:\/\/www.vilaweb.cat\/botiga\/wp-json\/wp\/v2\/types\/product"}],"wp:featuredmedia":[{"embeddable":true,"href":"https:\/\/www.vilaweb.cat\/botiga\/wp-json\/wp\/v2\/media\/1113"}],"wp:attachment":[{"href":"https:\/\/www.vilaweb.cat\/botiga\/wp-json\/wp\/v2\/media?parent=1112"}],"wp:term":[{"taxonomy":"product_cat","embeddable":true,"href":"https:\/\/www.vilaweb.cat\/botiga\/wp-json\/wp\/v2\/product_cat?post=1112"},{"taxonomy":"product_tag","embeddable":true,"href":"https:\/\/www.vilaweb.cat\/botiga\/wp-json\/wp\/v2\/product_tag?post=1112"}],"curies":[{"name":"wp","href":"https:\/\/api.w.org\/{rel}","templated":true}]}}