{"id":1110,"date":"2018-11-20T13:13:40","date_gmt":"2018-11-20T12:13:40","guid":{"rendered":"https:\/\/tww.vilaweb.cat\/botiga\/?post_type=product&#038;p=1110"},"modified":"2026-04-15T11:40:26","modified_gmt":"2026-04-15T09:40:26","slug":"estelada-blava-lgtbi","status":"publish","type":"product","link":"https:\/\/www.vilaweb.cat\/botiga\/producte\/estelada-blava-lgtbi\/","title":{"rendered":"Estelada blava LGTBI"},"content":{"rendered":"","protected":false},"excerpt":{"rendered":"<p>Dom\u00e0s per la defensa de qualsevol mena d&#8217;orientaci\u00f3 sexual o identitat de g\u00e8nere socialment marginada i oprimida.<\/p>\n<p>Per la llibertat nacional del nostre poble i per la llibertat d&#8217;opci\u00f3 sexual.<\/p>\n<p>Lliga&#8217;l o lliga-te&#8217;l ben fort!<\/p>\n<p>Mides: 100 x 70 cm<\/p>\n","protected":false},"featured_media":1111,"template":"","meta":[],"product_cat":[292],"product_tag":[],"_links":{"self":[{"href":"https:\/\/www.vilaweb.cat\/botiga\/wp-json\/wp\/v2\/product\/1110"}],"collection":[{"href":"https:\/\/www.vilaweb.cat\/botiga\/wp-json\/wp\/v2\/product"}],"about":[{"href":"https:\/\/www.vilaweb.cat\/botiga\/wp-json\/wp\/v2\/types\/product"}],"wp:featuredmedia":[{"embeddable":true,"href":"https:\/\/www.vilaweb.cat\/botiga\/wp-json\/wp\/v2\/media\/1111"}],"wp:attachment":[{"href":"https:\/\/www.vilaweb.cat\/botiga\/wp-json\/wp\/v2\/media?parent=1110"}],"wp:term":[{"taxonomy":"product_cat","embeddable":true,"href":"https:\/\/www.vilaweb.cat\/botiga\/wp-json\/wp\/v2\/product_cat?post=1110"},{"taxonomy":"product_tag","embeddable":true,"href":"https:\/\/www.vilaweb.cat\/botiga\/wp-json\/wp\/v2\/product_tag?post=1110"}],"curies":[{"name":"wp","href":"https:\/\/api.w.org\/{rel}","templated":true}]}}