{"id":257,"date":"2018-09-03T12:25:36","date_gmt":"2018-09-03T11:25:36","guid":{"rendered":"https:\/\/tww.vilaweb.cat\/botiga\/?page_id=257"},"modified":"2025-08-29T16:54:52","modified_gmt":"2025-08-29T14:54:52","slug":"la-botiga-vilaweb-viure-plenament-en-catala","status":"publish","type":"page","link":"https:\/\/www.vilaweb.cat\/botiga\/la-botiga-vilaweb-viure-plenament-en-catala\/","title":{"rendered":"La Botiga VilaWeb: viure plenament en catal\u00e0"},"content":{"rendered":"<div class=\"rte\">\n<p>La botiga en l\u00ednia de VilaWeb vol fer f\u00e0cil poder viure plenament en catal\u00e0. Oferim productes culturals, productes de la vida de cada dia que normalitzen l&#8217;\u00fas del catal\u00e0 i productes reivindicatius presentats en tota mena de formats. Hi podeu trobar la millor oferta perqu\u00e8 tenim en compte la qualitat, el disseny, la creativitat i el preu. Estem cansats que comprar en catal\u00e0 sigui encara un problema, malgrat la colossal oferta que el pa\u00eds genera. La botiga en l\u00ednia de VilaWeb \u00e9s un aparador on s&#8217;aplega un bon conjunt d&#8217;aquesta oferta en catal\u00e0: un davantal del caganer dissenyat per en Mart\u00ed Guix\u00e9, tots els jocs que hi ha en catal\u00e0 per no haver d&#8217;acabar tornant cap a casa amb el joc en castell\u00e0 que no vol\u00edem, una catifa per donar la benvinguda d&#8217;una manera divertida, un planificador mensual perqu\u00e8 el 2013 sigui diferent&#8230;, i moltes coses m\u00e9s. Gr\u00e0cies\u00a0 a l&#8217;acord amb Llibres.cat, la botiga de VilaWeb tamb\u00e9 distribuir\u00e0 el seu ampli cat\u00e0leg de llibres en catal\u00e0. Consumir cultura en catal\u00e0 no ha d&#8217;\u00e9sser una cursa d&#8217;obstacles. I si no tenim el que voleu, us ho buscarem. La botiga en l\u00ednia ens d\u00f3na l\u2019oportunitat d\u2019estendre aquesta voluntat de servei a la comunitat de lectors a tot el m\u00f3n i volem que esdevingui un punt central de la internet catalana, un espai comercial diferent, ple de productes amb idees.<\/p>\n<p>Tamb\u00e9 podeu visitar la botiga f\u00edsica del carrer Ferlandina, 43, baixos, de Barcelona, al costat del MACBA, on hi ha la redacci\u00f3 de VilaWeb, el diari l\u00edder de la internet catalana. A trav\u00e9s d&#8217;uns quants canals (web, televisi\u00f3, aplicacions de m\u00f2bil, Facebook, Twitter&#8230;), VilaWeb us ofereix les vint-i-quatre hores del dia tota la informaci\u00f3 sobre qu\u00e8 passa al nostre pa\u00eds i al m\u00f3n. VilaWeb t\u00e9 m\u00e9s de 700.000 lectors \u00fanics mensuals i se sustenta amb una comunitat de lectors anomenada +VilaWeb, que t\u00e9 m\u00e9s de 20.000 socis i que no para de cr\u00e9ixer. A la seu del diari tamb\u00e9 hi ha l\u2019Espai VilaWeb amb una sala d\u2019actes on es fan debats, confer\u00e8ncies de premsa, cursets, encontres, ac\u00fastics&#8230; Els membres de +VilaWeb tenen un 5% de descompte en la compra de llibres i un 10% en els altres productes. Si esteu interessats a formar-ne part, cliqueu ac\u00ed. Aquesta iniciativa ajuda VilaWeb a ser una redacci\u00f3 oberta on els lectors tenen un paper fonamental i on la relaci\u00f3 entre els periodistes i la societat \u00e9s constant i din\u00e0mica.<\/p>\n<p><strong>Horari<\/strong><\/p>\n<p>De dilluns a divendres, d&#8217;11.00 a 14.00 i de 16.30 a 20.00.<\/p>\n<p>Dissabtes i festius tancat.<\/p>\n<p>Per Nadal i l&#8217;11 de setembre els horaris s\u00f3n especials. Els podeu consultar a la portada de la p\u00e0gina web de la botiga.<\/p>\n<p>Per a qualsevol consulta podeu telefonar al 93.442.64.39 o escriure a l&#8217;adre\u00e7a\u00a0<a href=\"mailto:botiga@vilaweb.cat\">botiga@vilaweb.cat<\/a><\/p>\n<\/div>\n","protected":false},"excerpt":{"rendered":"<p>La botiga en l\u00ednia de VilaWeb vol fer f\u00e0cil poder viure plenament en catal\u00e0. Oferim productes culturals, productes de la vida de cada dia que normalitzen l&#8217;\u00fas del catal\u00e0 i productes reivindicatius presentats en tota mena de formats. Hi podeu trobar la millor oferta perqu\u00e8 tenim en compte la qualitat, el disseny, la creativitat i [&hellip;]<\/p>\n","protected":false},"author":12,"featured_media":0,"parent":0,"menu_order":0,"comment_status":"closed","ping_status":"closed","template":"","meta":{"footnotes":""},"_links":{"self":[{"href":"https:\/\/www.vilaweb.cat\/botiga\/wp-json\/wp\/v2\/pages\/257"}],"collection":[{"href":"https:\/\/www.vilaweb.cat\/botiga\/wp-json\/wp\/v2\/pages"}],"about":[{"href":"https:\/\/www.vilaweb.cat\/botiga\/wp-json\/wp\/v2\/types\/page"}],"author":[{"embeddable":true,"href":"https:\/\/www.vilaweb.cat\/botiga\/wp-json\/wp\/v2\/users\/12"}],"replies":[{"embeddable":true,"href":"https:\/\/www.vilaweb.cat\/botiga\/wp-json\/wp\/v2\/comments?post=257"}],"version-history":[{"count":7,"href":"https:\/\/www.vilaweb.cat\/botiga\/wp-json\/wp\/v2\/pages\/257\/revisions"}],"predecessor-version":[{"id":43692,"href":"https:\/\/www.vilaweb.cat\/botiga\/wp-json\/wp\/v2\/pages\/257\/revisions\/43692"}],"wp:attachment":[{"href":"https:\/\/www.vilaweb.cat\/botiga\/wp-json\/wp\/v2\/media?parent=257"}],"curies":[{"name":"wp","href":"https:\/\/api.w.org\/{rel}","templated":true}]}}