{"id":249,"date":"2018-09-03T12:19:24","date_gmt":"2018-09-03T11:19:24","guid":{"rendered":"https:\/\/tww.vilaweb.cat\/botiga\/?page_id=249"},"modified":"2024-04-04T11:31:29","modified_gmt":"2024-04-04T09:31:29","slug":"condicions-de-la-compra","status":"publish","type":"page","link":"https:\/\/www.vilaweb.cat\/botiga\/condicions-de-la-compra\/","title":{"rendered":"Condicions de la compra"},"content":{"rendered":"<p>La p\u00e0gina web <a href=\"https:\/\/www.vilaweb.cat\/botiga\">www.vilaweb.cat\/botiga<\/a>, que te tots els continguts en catal\u00e0, \u00e9s propietat de Partal, Maresma i Associats, SL, amb CIF B61017810 i adre\u00e7a fiscal al C. Ferlandina, 43, 08001 Barcelona. Registre Mercantil de Barcelona Volum 28.765, Foli 109, Full B-141.320<\/p>\n<h4><strong>1. Com es compra?<\/strong><\/h4>\n<p>La botiga en l\u00ednia t\u00e9 un funcionament f\u00e0cil. Per\u00f2 si hi teniu cap problema, a continuaci\u00f3 en trobareu una explicaci\u00f3.<\/p>\n<p><strong>a)\u00a0<\/strong>Primer de tot \u00e9s important de saber que la botiga s&#8217;estructura en categories, que alhora es divideixen en subcategories. Per mitj\u00e0 d\u2019aquestes pestanyes, podeu mirar qu\u00e8 voleu comprar. Tamb\u00e9 podeu fer servir el cercador. Fent clic a qualsevol d&#8217;aquestes categories us sortir\u00e0 una llista de productes. Si cliqueu sobre qualsevol producte, se n&#8217;obrir\u00e0 la fitxa espec\u00edfica.<\/p>\n<p><strong>b)<\/strong>Quan trobeu un producte que us agradi, nom\u00e9s cal que l&#8217;afegiu a la cistella de la compra.<\/p>\n<p><strong>c)<\/strong>La cistella de la compra \u00e9s el resum de la comanda que feu i on podreu veure els articles que heu seleccionat i la quantitat. En aquesta pantalla tamb\u00e9 podeu eliminar productes o b\u00e9 modificar-ne la quantitat. Si voleu, podeu continuar comprant i despr\u00e9s tornar a la cistella.<\/p>\n<p><strong>d)<\/strong>Quan h\u00e0giu acabat de seleccionar els productes i sigueu a la cistella, haureu de pr\u00e9mer el bot\u00f3 &#8216;Anar a caixa&#8217;, que us dur\u00e0 a la pantalla on haureu d&#8217;indicar les dades personals i les de pagament.<\/p>\n<p><strong>e)<\/strong>Finalment veureu una pantalla de confirmaci\u00f3 de la tramesa. \u00c9s recomanable d&#8217;imprimir aquesta pantalla, tot i que us enviarem una confirmaci\u00f3 per correu electr\u00f2nic. Al cap de pocs dies rebreu el paquet a casa.<\/p>\n<h4><strong>2. Tramesa i lliurament<\/strong><\/h4>\n<p><strong>2.1.\u00a0On es pot rebre la comanda?<\/strong><\/p>\n<p>Podeu rebre-la a l\u2019adre\u00e7a que elegiu: a casa, a la feina, etc. Per\u00f2 mai en un apartat de correu. Observeu que, segons la destinaci\u00f3, les despeses d&#8217;enviament canvien.<\/p>\n<p><strong>2.2.\u00a0Quant trigar\u00e0 la comanda?<\/strong><\/p>\n<p>Els dies feiners, la comanda us ha d&#8217;arribar entre 48 i 72 hores, si s&#8217;envia per ag\u00e8ncia de transport. En el cas de les Illes i Catalunya Nord, podeu triar de rebre la comanda per correu postal, amb un termini m\u00e9s llarg. A la web es pot seguir l&#8217;estat de la comanda.<\/p>\n<p>En les comandes de samarretes de l&#8217;ANC per la Diada, no podem assegurar la data de lliurament, a causa de la gran demanda. Seran processades tan aviat com n&#8217;hi hagi de disponibles. Quant a la recollida a la botiga, us avisarem per correu electr\u00f2nic quan ja hi siguin i les pugueu venir a cercar.<\/p>\n<p><strong>2.3.\u00a0Com es fa la tramesa i quant costa?<\/strong><\/p>\n<p>La tramesa es fa per ag\u00e8ncia de transport. A les Illes i a Catalunya Nord es pot optar tamb\u00e9 per la tramesa ordin\u00e0ria.<\/p>\n<p>Les tarifes de tramesa s\u00f3n les seg\u00fcents:<\/p>\n<p>\u2014Als Pa\u00efsos Catalans (excepte Andorra, les Illes i Catalunya Nord), fins a 5 kg, el cost \u00e9s de 5 euros.<\/p>\n<p>\u2014A partir de 5 kg, el preu \u00e9s de 8,5 euros.<\/p>\n<p>Tamb\u00e9 podeu passar a recollir la comanda, sense cost d&#8217;enviament, a la botiga de VilaWeb de Barcelona (carrer de Ferlandina, 43). En aquest cas, haureu de marcar-ho al\u00a0formulari.<\/p>\n<p><strong>2.4.\u00a0Es pot seguir l\u2019estat de la comanda?<\/strong><\/p>\n<p>S\u00ed, a l&#8217;apartat &#8216;La meva comanda&#8217; se&#8217;n pot veure l&#8217;estat.<\/p>\n<p><strong>2.5.\u00a0Quin \u00e9s el proc\u00e9s de lliurament de la comanda?<\/strong><\/p>\n<p>Rebreu un missatge al m\u00f2bil informant-vos de quan arribar\u00e0 la comanda a l\u2019adre\u00e7a que heu posat al formulari d&#8217;alta. Si en aquell moment no hi sou, rebreu un altre missatge demanant que us poseu en contacte amb l\u2019ag\u00e8ncia de transport per a indicar quan us va b\u00e9 que us deixin el paquet. Per aix\u00f2 \u00e9s important que al contacte hi deixeu el n\u00famero del tel\u00e8fon m\u00f2bil.<\/p>\n<h4><strong>3.La Botiga VilaWeb de Barcelona<\/strong><\/h4>\n<p>La Botiga VilaWeb de Barcelona \u00e9s a la redacci\u00f3 de VilaWeb, al carrer de Ferlandina, 43, a prop del Macba.<\/p>\n<p>A la botiga, hi podreu trobar tot el que hi ha a la versi\u00f3 electr\u00f2nica i algun producte m\u00e9s.<\/p>\n<p>Us hi esperem de dilluns a divendres, d&#8217;11.00 a 14.00 i de 16.30 a 20.00.<\/p>\n<p>Per Nadal i l&#8217;11 de setembre els horaris s\u00f3n especials. Els podeu consultar a la portada de la p\u00e0gina web de la botiga.<\/p>\n<h4><strong>4. Contacte <\/strong><\/h4>\n<p>Correu electr\u00f2nic:\u00a0<a href=\"mailto:botiga@vilaweb.cat\">botiga@vilaweb.cat<\/a><\/p>\n<p>Tel\u00e8fon: 934426439.<\/p>\n<p>Tamb\u00e9 ens trobareu a la Botiga VilaWeb del carrer de Ferlandina, 43, de Barcelona.<\/p>\n<p>L&#8217;horari d\u2019atenci\u00f3 al client \u00e9s de dilluns a divendres d&#8217;11.00 a 14.00 i de 16.30 a 20.00.<\/p>\n<h4><strong>5. Mitjans de pagament<\/strong><\/h4>\n<p>Nom\u00e9s es pot pagar amb targeta de cr\u00e8dit i PayPal.<\/p>\n<p style=\"font-weight: 400;\">Aquest comerciant es compromet a no permetre cap transacci\u00f3 que sigui il\u00b7legal o que les marques de targetes de cr\u00e8dit o el banc adquirent considerin que els pugui malmetre o tingui el potencial de malmetre&#8217;ls la bona voluntat o influir negativament en ells. Les activitats seg\u00fcents s\u00f3n prohibides en virtut dels programes de les marques de targetes: la venda o oferta d&#8217;un producte o servei que no sigui de plena conformitat amb totes les lleis aplicables al comprador, banc emissor, comerciant, titular de la targeta o targetes; a m\u00e9s, la seg\u00fcent activitat tamb\u00e9 \u00e9s prohibida expl\u00edcitament: venda de begudes alcoh\u00f2liques a menors de divuit anys.<\/p>\n<p>Totes les operacions que impliquen la transmissi\u00f3 de dades personals o banc\u00e0ries es realitzen utilitzant un entorn segur, un servidor basat en la tecnologia de seguretat est\u00e0ndard SSL (Secure Sockets Layer). Tota la informaci\u00f3 que ens transmeteu viatja xifrada a trav\u00e9s de la xarxa.<\/p>\n<p>A les nostres\u00a0passarel\u00b7les\u00a0de pagament s&#8217;utilitza el sistema\u00a0<span class=\"hiddenGrammarError\">3DSecure<\/span>, redirigint les dades a servidors segurs sense que el comer\u00e7 pugui accedir-hi o emmagatzemar-los.<\/p>\n<h4><strong>6. Guia de mides<\/strong><\/h4>\n<p>Segons el prove\u00efdor del producte, les mides canvien. Us recomanem, per tant, que abans de comprar un producte en mireu la guia de mides per a saber quina talla cerqueu.<\/p>\n<p>La guia de mides, la podreu trobar al costat de la talla de cada producte.<\/p>\n<p>Malgrat tot, si en acabat la mida no us va b\u00e9, podeu mirar com es pot fer un canvi a l\u2019apartat de devolucions.<\/p>\n<h4><strong>7. Devolucions<\/strong><\/h4>\n<p>Tots els productes es poden canviar en un termini de quinze dies a partir del lliurament del paquet. Si la mida no \u00e9s la correcta o el producte no us conven\u00e7, o b\u00e9 hi ha qualsevol defecte de la comanda, us la canviarem per l&#8217;adequada.<\/p>\n<p>Envieu-nos el paquet per correu certificat (molt important). A dins, hi heu de posar el\u00a0<a title=\"Formulari devolucio desistiment\" href=\"https:\/\/imatges.vilaweb.cat\/botiga\/wp-content\/uploads\/2018\/11\/formulari_devolucio_desistiment.pdf\" target=\"_blank\" rel=\"noopener\">full de devoluci\u00f3<\/a><\/p>\n<p>amb les modificacions que vulgueu. Cal enviar-ho a:<\/p>\n<p>PARTAL, MARESMA I ASSOCIATS, SL<br \/>\nBOTIGA VILAWEB<br \/>\ncarrer de Ferlandina, 43, baixos<br \/>\n08001 Barcelona<\/p>\n<p>Si la devoluci\u00f3 es fruit d&#8217;un canvi de mida o de producte per part vostra, les despeses de la devoluci\u00f3 aniran a c\u00e0rrec vostre i la tramesa amb la nova comanda l&#8217;abonarem nosaltres.<\/p>\n<p>Si el canvi \u00e9s degut a un error nostre o a un defecte del producte, us abonarem el cost del vostre enviament i pagarem la nova tramesa.<\/p>\n<p>Per motius obvis, no acceptarem devolucions de productes amb proves evidents d&#8217;haver estat utilitzats o que tinguin qualsevol mena de desperfecte.<\/p>\n<p>Tampoc no acceptarem cap paquet amb import a pagar per la tramesa (reemborsament). Cal que el client pagui l&#8217;enviament i despr\u00e9s, si escau, li&#8217;n retornarem l&#8217;import o b\u00e9 hi afegirem algun producte d&#8217;un valor igual o superior.<\/p>\n<p>El reemborsament es far\u00e0 a trav\u00e9s de la mateixa forma de pagament que s&#8217;ha utilitzat per fer la compra.<\/p>\n<h4><strong>8. Protecci\u00f3\u00a0de dades<\/strong><\/h4>\n<p>El responsable d\u2019aquesta web considera com un objectiu b\u00e0sic garantir la privadesa i la confidencialitat de les dades de car\u00e0cter personal dels seus usuaris i de tots els qui es relacionen amb aquesta web. Per aquest motiu, manifesta el m\u00e0xim comprom\u00eds de compliment de l\u2019actual Llei Org\u00e0nica de Protecci\u00f3 de Dades (LOPD) i el reglament (UE) 2016\/679 relatiu a la protecci\u00f3 de persones f\u00edsiques pel que fa a la protecci\u00f3 i lliure circulaci\u00f3 de dades personals (RGPD). Per tant, en la cl\u00e0usula present es facilita la informaci\u00f3 sobre quin \u00fas de les vostres dades personals far\u00e0 la societat.<\/p>\n<p><strong>Responsable del tractament<\/strong><br \/>\nPartal Maresma i Associats, S.L. \u00e9s el responsable del tractament de les dades de car\u00e0cter personal que es tractin per mitj\u00e0 d\u2019aquesta p\u00e0gina web i en els formularis situats en els seus subdominis (el \u2018lloc web\u2019). Podeu consultar la informaci\u00f3 relativa a Partal Maresma i Associats, S.L. visitant l\u2019av\u00eds legal que apareix al peu de la p\u00e0gina principal.<\/p>\n<p><strong>Descripci\u00f3 dels tractaments<\/strong><br \/>\n<strong>Tractament de les dades amb la finalitat de gestionar \u2018la Botiga\u2019<\/strong> del lloc web i tamb\u00e9 per a gestionar, desenvolupar i executar la compra-venda dels productes que s\u2019hi ofereixen, inclosos serveis associats com ara la gesti\u00f3 del cobrament o l\u2019enviament dels productes adquirits.<\/p>\n<p>Base legal: Gesti\u00f3 de la relaci\u00f3 contractual<br \/>\nTermini de conservaci\u00f3: Mentre es mantingui la relaci\u00f3 contractual i, en qualsevol cas, en compliment de terminis legals de prescripci\u00f3 aplicables.<br \/>\nDestinataris: No se cediran les vostres dades personals a cap tercer, llevat de les assenyalades en l\u2019\u00faltim par\u00e0graf d\u2019aquest apartat i a: (1) les entitats banc\u00e0ries que indiqueu, per fer la domiciliaci\u00f3 banc\u00e0ria corresponent; (2) prestadors de serveis de les comunicacions, per a possibilitar la prestaci\u00f3 del servei.<\/p>\n<p><strong>Tractament de dades per a enviar-vos els butlletins d\u2019informaci\u00f3 de VilaWeb.<\/strong><br \/>\nBase legal: Consentiment: tot marcant la casella que hi ha en el formulari corresponent.<br \/>\nTermini de conservaci\u00f3: Fins que no revoqueu el consentiment.<br \/>\nDestinataris: No se cediran les vostres dades personals a cap tercer, llevat de les assenyalades en l\u2019\u00faltim par\u00e0graf d\u2019aquest apartat i a prestadors de serveis de les comunicacions, per a possibilitar la prestaci\u00f3 del servei.<\/p>\n<p><strong>Tractament de dades amb la finalitat d\u2019atendre la sol\u00b7licitud i seguiment de qualsevol q\u00fcesti\u00f3, dubte, queixa o reclamaci\u00f3<\/strong> que ens pugui presentar qualsevol altre usuari que no sigui subscriptor (adherit, col\u00b7laborador, estudiant, associat) o client registrat per beneficiar-se de la resta dels serveis del lloc web.<\/p>\n<p>Base legal: Consentiment: tot marcant la casella que hi ha en el formulari de contacte.<br \/>\nTermini de conservaci\u00f3: Fins a la resoluci\u00f3 completa de la q\u00fcesti\u00f3, dubte, queixa o reclamaci\u00f3.<br \/>\nDestinataris: No se cediran les vostres dades personals a cap tercer, llevat de les assenyalades en l\u2019\u00faltim par\u00e0graf d\u2019aquest apartat i a: (1) si escau, qualsevol entitat o organitzaci\u00f3 que pogu\u00e9s resultar d\u2019inter\u00e8s per a la resoluci\u00f3 de la consulta o reclamaci\u00f3, sempre que sigui estrictament necessari; (2) prestadors de serveis de les comunicacions, per a possibilitar la prestaci\u00f3 del servei.<\/p>\n<p>Tramesa de comunicacions comercials de Partal Maresma i Associats, S.L. amb els objectius seg\u00fcents (segons el cas):<\/p>\n<ul>\n<li>Rebre el butllet\u00ed de la Botiga de VilaWeb.<\/li>\n<li>Rebre informaci\u00f3 sobre els serveis, inclosos publicitaris, que ofereix VilaWeb.<\/li>\n<li>Participar en concursos i promocions.<\/li>\n<\/ul>\n<p>Base legal: Consentiment: tot marcant la casella que figura en el formulari corresponent.<br \/>\nTermini de conservaci\u00f3: Fins que no revoqueu el consentiment.<br \/>\nDestinataris: No se cediran les vostres dades personals a cap tercer, llevat de les assenyalades en l\u2019\u00faltim par\u00e0graf d\u2019aquest apartat i a prestadors de serveis de les comunicacions, per possibilitar la prestaci\u00f3 del servei.<\/p>\n<p>Us informem, aix\u00ed mateix, que aquest lloc web utilitza \u2018galetes\u2019 pr\u00f2pies i de tercers que poden obtenir dades no identificatives, com ara la vostra adre\u00e7a IP o informaci\u00f3 de les p\u00e0gines visitades dins aquest lloc web. Podeu obtenir m\u00e9s informaci\u00f3 sobre les galetes, els tipus i les indicacions per a desactivar-les o eliminar-les visitant la nostra \u2018pol\u00edtica de galetes\u2019.<\/p>\n<p>No es preveuen transfer\u00e8ncies internacionals. Si escau, tan sols se\u2019n podran fer de les vostres dades personals a prestadors de serveis de la societat. Aquests prestadors poden ser situats en estats fora de l\u2019Espai Econ\u00f2mic Europeu. Quan no s\u2019hagi declarat que compten amb un nivell de protecci\u00f3 equivalent a l\u2019europeu, la societat adoptar\u00e0 les corresponents cl\u00e0usules contractuals tipus o exigir\u00e0 l\u2019adhesi\u00f3 al Privacy Shield.<\/p>\n<p>L\u2019usuari garanteix que les dades aportades s\u00f3n veritables, exactes, completes i actualitzades i \u00e9s responsable de qualsevol dany o perjudici, directe o indirecte, que pogu\u00e9s esdevenir-se a conseq\u00fc\u00e8ncia de l\u2019incompliment de tal obligaci\u00f3.<\/p>\n<p>Els espais remarcats amb asterisc en cadascun dels formularis s\u00f3n obligatoris, de manera que si no s\u00f3n subministrats no ser\u00e0 possible de dur a terme la prestaci\u00f3 dels serveis contractats.<\/p>\n<p>Us informem que no cedim les vostres dades personals a tercers tret de quan hi hagi una obligaci\u00f3 legal (hisenda p\u00fablica, jutjats i tribunals, forces i cossos de seguretat\u2026) o b\u00e9 ho indiquem expressament en la descripci\u00f3 inclosa en aquest apartat. D\u2019una altra banda, podran tenir acc\u00e9s a les vostres dades personals els encarregats del tractament de Partal Maresma i Associats, S.L., \u00e9s a dir, els prestadors de serveis que hi hagin d\u2019accedir per desenvolupar les seves funcions.<\/p>\n<p><strong>Drets que podeu exercir en relaci\u00f3 amb les vostres dades personals<\/strong><br \/>\nEn qualsevol moment, i de manera gratu\u00efta, podeu exercir els drets seg\u00fcents:<\/p>\n<ul>\n<li>Accedir a les vostres dades personals.<\/li>\n<li>Rectificar les dades inexactes o incompletes.<\/li>\n<li>Sol\u00b7licitar la supressi\u00f3 de les vostres dades quan, entre m\u00e9s motius, les dades ja no siguin necess\u00e0ries per a les finalitats per a les quals van ser recollides.<\/li>\n<li>Obtenir de Partal Maresma i Associats, S.L. la limitaci\u00f3 del tractament de les dades quan es compleixi alguna de les condicions previstes en la normativa de protecci\u00f3 de dades.<\/li>\n<li>En determinades circumst\u00e0ncies i per motius relacionats amb la seva situaci\u00f3 particular al tractament de les seves dades, els interessats podran oposar-se al tractament de les seves dades. Partal Maresma i Associats, S.L. deixar\u00e0 de tractar-les, llevat de motius leg\u00edtims imperiosos, o l\u2019exercici o la defensa de possibles reclamacions.<\/li>\n<li>Sol\u00b7licitar la portabilitat de les vostres dades.<\/li>\n<li>Revocar els consentiments.<\/li>\n<li>Reclamar davant l\u2019Ag\u00e8ncia Espanyola de Protecci\u00f3 de Dades quan considereu que Partal Maresme i Associats, S.L. ha vulnerat els drets que us s\u00f3n reconeguts per la normativa aplicable en protecci\u00f3 de dades.<\/li>\n<\/ul>\n<p>Podreu exercir aquests drets mitjan\u00e7ant un escrit a l\u2019adre\u00e7a seg\u00fcent: carrer de Ferlandina, 43; codi postal: 08001; localitat: Barcelona; prov\u00edncia: Barcelona. O b\u00e9 a la seg\u00fcent adre\u00e7a de correu electr\u00f2nic: administracio@partal.cat, informant-nos del dret que desitgeu exercir i incloent-hi les vostres dades identificatives.<\/p>\n<p><strong>Mesures de seguretat<\/strong><br \/>\nPartal Maresma i Associats, S.L. ha aplicat i mant\u00e9 els nivells de seguretat exigits pel RGPD per a protegir les dades de car\u00e0cter personal dels usuaris en cas de p\u00e8rdues fortu\u00eftes i d\u2019accessos, tractaments o revelacions no autoritzats, tenint en compte l\u2019estat de la tecnologia, la naturalesa de les dades emmagatzemades i els riscs a qu\u00e8 s\u00f3n exposades. Tanmateix, la transmissi\u00f3 d\u2019informaci\u00f3 per mitj\u00e0 d\u2019internet no \u00e9s totalment segura. Per aix\u00f2, i malgrat que Partal Maresma i Associats, S.L. fa el m\u00e0xim esfor\u00e7 per a protegir les dades dels usuaris, no pot garantir-ne la seguretat durant el tr\u00e0nsit fins al lloc web. Per tant, tota la informaci\u00f3 que faciliteu s\u2019enviar\u00e0 a compte i risc vostre. Una vegada rebudes les vostres dades, Partal Maresma i Associats, S.L. utilitzar\u00e0 procediments i funcions de seguretat rigorosos per impedir-hi qualsevol acc\u00e9s no autoritzat.<\/p>\n<p><strong>Actualitzaci\u00f3 d\u2019aquesta pol\u00edtica de privadesa<\/strong><br \/>\nPartal Maresma i Associats SL es reserva el dret de modificar de manera unilateral aquesta pol\u00edtica de privadesa, a conseq\u00fc\u00e8ncia, entre m\u00e9s circumst\u00e0ncies, de: (1) canvis en el lloc web; (2) modificacions en els tractaments o finalitats de dades personals; (3) modificacions o novetats legislatives; i (4) l\u2019establiment de nous criteris per part de l\u2019Ag\u00e8ncia Espanyola de Protecci\u00f3 de Dades o qualsevol altra autoritat sobre la mat\u00e8ria.<\/p>\n<p>Per aix\u00f2, Partal Maresma i Associats S.L. recomana a l\u2019usuari que llegeixi detingudament la pol\u00edtica de privadesa vigent en el moment en qu\u00e8 accedeixi al lloc web i, en tot cas, abans de registrar-se, subscriure\u2019s o comprar cap producte per mitj\u00e0 d\u2019aquest lloc web.<\/p>\n<h4><strong>9. Seguretat<\/strong><\/h4>\n<p>El certificat SSL proporciona autenticaci\u00f3, privacitat i seguretat de la informaci\u00f3 entre Partal, Maresma i Associats, SL i l\u2019usuari.<\/p>\n<p>Partal, Maresma i Associats, SL disposa d\u2019un certificat de seguretat que s\u2019utilitza com a certificat SSL per realitzar connexions segures.<\/p>\n<p>En aquest proc\u00e9s es fixen diversos par\u00e0metres per realitzar la connexi\u00f3 de forma segura. La connexi\u00f3 s\u2019estableix amb claus preestablertes i totes les dades enviades es codifiquen i es descodifiquen fins que es tanca la connexi\u00f3.<\/p>\n<h4 style=\"font-weight: 400;\"><strong>10. Llei de Serveis de la Societat de la Informaci\u00f3 i Comer\u00e7 Electr\u00f2nic (34\/2002 d&#8217;11 de juliol)<\/strong><\/h4>\n<p style=\"font-weight: 400;\">Article 10. Informaci\u00f3 general<\/p>\n<ol>\n<li style=\"font-weight: 400;\">Sense perjudici dels requisits que en mat\u00e8ria d&#8217;informaci\u00f3 s&#8217;estableixen en la normativa vigent, el prestador de serveis de la societat de la informaci\u00f3 restar\u00e0 obligat a disposar dels mitjans que permetin \u2013tant als destinataris del servei com als \u00f2rgans competents\u2013 d&#8217;accedir per mitjans electr\u00f2nics, de manera permanent, f\u00e0cil, directa i gratu\u00efta a la seg\u00fcent informaci\u00f3:<\/li>\n<li style=\"font-weight: 400;\">a) El seu nom o denominaci\u00f3 social; la seva resid\u00e8ncia o domicili o, si no, la direcci\u00f3 d&#8217;un dels seus establiments permanents a l&#8217;estat espanyol; la seva adre\u00e7a de correu electr\u00f2nic i qualsevol altra dada que permeti d&#8217;establir una comunicaci\u00f3 directa i efectiva amb ell.<\/li>\n<li style=\"font-weight: 400;\">b) Les dades de la seva inscripci\u00f3 al Registre Mercantil en qu\u00e8, si escau, siguin inscrits o b\u00e9 d&#8217;un altre registre p\u00fablic en qu\u00e8 ho siguin, per a l&#8217;adquisici\u00f3 de personalitat jur\u00eddica o simplement a efectes de publicitat.<\/li>\n<li style=\"font-weight: 400;\">c) El n\u00famero d&#8217;identificaci\u00f3 fiscal que li correspongui.<\/li>\n<\/ol>\n<p style=\"font-weight: 400;\">Aix\u00ed mateix, cal que tinguin completats els termes i condicions referents a:<\/p>\n<p style=\"font-weight: 400;\">&#8211; Cancel\u00b7laci\u00f3 de comandes<\/p>\n<p style=\"font-weight: 400;\">&#8211; Devoluci\u00f3 i reemborsament<\/p>\n<p style=\"font-weight: 400;\">&#8211; Seguretat i protecci\u00f3 a compradors<\/p>\n<p style=\"font-weight: 400;\">&#8211; Trameses, privadesa i protecci\u00f3 de dades<\/p>\n","protected":false},"excerpt":{"rendered":"<p>La p\u00e0gina web www.vilaweb.cat\/botiga, que te tots els continguts en catal\u00e0, \u00e9s propietat de Partal, Maresma i Associats, SL, amb CIF B61017810 i adre\u00e7a fiscal al C. Ferlandina, 43, 08001 Barcelona. Registre Mercantil de Barcelona Volum 28.765, Foli 109, Full B-141.320 1. Com es compra? La botiga en l\u00ednia t\u00e9 un funcionament f\u00e0cil. Per\u00f2 si [&hellip;]<\/p>\n","protected":false},"author":12,"featured_media":0,"parent":0,"menu_order":0,"comment_status":"closed","ping_status":"closed","template":"","meta":{"footnotes":""},"_links":{"self":[{"href":"https:\/\/www.vilaweb.cat\/botiga\/wp-json\/wp\/v2\/pages\/249"}],"collection":[{"href":"https:\/\/www.vilaweb.cat\/botiga\/wp-json\/wp\/v2\/pages"}],"about":[{"href":"https:\/\/www.vilaweb.cat\/botiga\/wp-json\/wp\/v2\/types\/page"}],"author":[{"embeddable":true,"href":"https:\/\/www.vilaweb.cat\/botiga\/wp-json\/wp\/v2\/users\/12"}],"replies":[{"embeddable":true,"href":"https:\/\/www.vilaweb.cat\/botiga\/wp-json\/wp\/v2\/comments?post=249"}],"version-history":[{"count":24,"href":"https:\/\/www.vilaweb.cat\/botiga\/wp-json\/wp\/v2\/pages\/249\/revisions"}],"predecessor-version":[{"id":39590,"href":"https:\/\/www.vilaweb.cat\/botiga\/wp-json\/wp\/v2\/pages\/249\/revisions\/39590"}],"wp:attachment":[{"href":"https:\/\/www.vilaweb.cat\/botiga\/wp-json\/wp\/v2\/media?parent=249"}],"curies":[{"name":"wp","href":"https:\/\/api.w.org\/{rel}","templated":true}]}}